{"id":2103,"date":"2023-03-09T11:03:41","date_gmt":"2023-03-09T09:03:41","guid":{"rendered":"https:\/\/varskalaht.eu\/sertifikaadid\/"},"modified":"2023-05-25T12:54:59","modified_gmt":"2023-05-25T12:54:59","slug":"sertifikaadid","status":"publish","type":"page","link":"https:\/\/varskalaht.eu\/en\/sertifikaadid\/","title":{"rendered":"Certificates"},"content":{"rendered":"<section class=\"wpb-content-wrapper\"><p>[vc_row][vc_column][vc_empty_space][\/vc_column][\/vc_row][vc_row][vc_column width=&#8221;1\/3&#8243;][vc_single_image image=&#8221;1911&#8243; alignment=&#8221;center&#8221;][vc_separator css=&#8221;.vc_custom_1679993029191{padding-top: 30px !important;padding-bottom: 20px !important;}&#8221;][vc_column_text]<\/p>\n<p style=\"text-align: center;\"><strong>Plant Health Registry number EE-3748<\/strong><\/p>\n<p>[\/vc_column_text][vc_column_text]<\/p>\n<p style=\"text-align: center;\">An organization that covers agriculture; horticulture; animal breeding; veterinary; forestry; hunting; fishery; forest and woodwork industry; pulp and paper industry in Estonia.<\/p>\n<p>[\/vc_column_text][\/vc_column][vc_column width=&#8221;1\/3&#8243;][vc_single_image image=&#8221;1913&#8243; alignment=&#8221;center&#8221;][vc_separator css=&#8221;.vc_custom_1679993038005{padding-top: 30px !important;padding-bottom: 20px !important;}&#8221;][vc_column_text]<\/p>\n<p style=\"text-align: center;\"><strong>ISPM 15 certified company<\/strong><\/p>\n<p>[\/vc_column_text][vc_column_text]<\/p>\n<p style=\"text-align: center;\">International Standards For Phytosanitary Measures<\/p>\n<p>[\/vc_column_text][\/vc_column][vc_column width=&#8221;1\/3&#8243;][vc_single_image image=&#8221;1923&#8243; alignment=&#8221;center&#8221;][vc_separator css=&#8221;.vc_custom_1679993047075{padding-top: 30px !important;padding-bottom: 20px !important;}&#8221;][vc_column_text]<\/p>\n<p style=\"text-align: center;\"><strong>Gazelles prize from 2018 &amp; 2019<\/strong><\/p>\n<p>[\/vc_column_text][vc_column_text]<\/p>\n<p style=\"text-align: center;\">V\u00e4rska Laht has been one of the few fastest-growing companies in Estonia during 2018 and 2019<\/p>\n<p>[\/vc_column_text][\/vc_column][\/vc_row][vc_row][vc_column][vc_empty_space height=&#8221;40px&#8221;][\/vc_column][\/vc_row][vc_row][vc_column][vc_separator][\/vc_column][\/vc_row][vc_row css=&#8221;.vc_custom_1680351857163{padding-top: 0px !important;padding-bottom: 130px !important;}&#8221; nt_row_loop_breakpoint=&#8221;%5B%7B%7D%5D&#8221;][vc_column width=&#8221;1\/6&#8243;][\/vc_column][vc_column width=&#8221;2\/3&#8243;][vc_empty_space height=&#8221;20px&#8221;][vc_column_text]<\/p>\n<p style=\"text-align: center;\"><strong>O\u00dc V\u00e4rska Laht implemented the project: &#8220;O\u00dc V\u00e4rska Laht production efficiency through the acquisition of machinery and equipment&#8221;. The project was to increase the production capacity of the company and the working conditions of the employees. The implementation of the project is supported by Leader Estonia.<\/strong><\/p>\n<p>[\/vc_column_text][vc_empty_space][vc_single_image image=&#8221;1643&#8243; img_size=&#8221;medium&#8221; alignment=&#8221;center&#8221;][\/vc_column][vc_column width=&#8221;1\/6&#8243;][\/vc_column][\/vc_row]<\/p>\n<\/section>","protected":false},"excerpt":{"rendered":"<p>[vc_row][vc_column][vc_empty_space][\/vc_column][\/vc_row][vc_row][vc_column width=&#8221;1\/3&#8243;][vc_single_image image=&#8221;1911&#8243; alignment=&#8221;center&#8221;][vc_separator css=&#8221;.vc_custom_1679993029191{padding-top: 30px !important;padding-bottom: 20px !important;}&#8221;][vc_column_text] Plant Health Registry number EE-3748 [\/vc_column_text][vc_column_text] An organization that covers agriculture; horticulture; animal breeding; veterinary; forestry; hunting; fishery; forest and woodwork industry; pulp and paper industry in Estonia. [\/vc_column_text][\/vc_column][vc_column width=&#8221;1\/3&#8243;][vc_single_image image=&#8221;1913&#8243; alignment=&#8221;center&#8221;][vc_separator css=&#8221;.vc_custom_1679993038005{padding-top: 30px !important;padding-bottom: 20px !important;}&#8221;][vc_column_text] ISPM 15 certified company [\/vc_column_text][vc_column_text] International Standards For Phytosanitary [&hellip;]<\/p>\n","protected":false},"author":4,"featured_media":0,"parent":0,"menu_order":0,"comment_status":"closed","ping_status":"closed","template":"custom-page.php","meta":{"_acf_changed":false,"footnotes":""},"class_list":["post-2103","page","type-page","status-publish","hentry"],"acf":[],"_links":{"self":[{"href":"https:\/\/varskalaht.eu\/en\/wp-json\/wp\/v2\/pages\/2103"}],"collection":[{"href":"https:\/\/varskalaht.eu\/en\/wp-json\/wp\/v2\/pages"}],"about":[{"href":"https:\/\/varskalaht.eu\/en\/wp-json\/wp\/v2\/types\/page"}],"author":[{"embeddable":true,"href":"https:\/\/varskalaht.eu\/en\/wp-json\/wp\/v2\/users\/4"}],"replies":[{"embeddable":true,"href":"https:\/\/varskalaht.eu\/en\/wp-json\/wp\/v2\/comments?post=2103"}],"version-history":[{"count":3,"href":"https:\/\/varskalaht.eu\/en\/wp-json\/wp\/v2\/pages\/2103\/revisions"}],"predecessor-version":[{"id":2119,"href":"https:\/\/varskalaht.eu\/en\/wp-json\/wp\/v2\/pages\/2103\/revisions\/2119"}],"wp:attachment":[{"href":"https:\/\/varskalaht.eu\/en\/wp-json\/wp\/v2\/media?parent=2103"}],"curies":[{"name":"wp","href":"https:\/\/api.w.org\/{rel}","templated":true}]}}