{"id":2416,"date":"2026-02-17T16:32:26","date_gmt":"2026-02-17T14:32:26","guid":{"rendered":"https:\/\/varskalaht.eu\/grants\/"},"modified":"2026-03-04T10:43:54","modified_gmt":"2026-03-04T08:43:54","slug":"toetused","status":"publish","type":"page","link":"https:\/\/varskalaht.eu\/en\/toetused\/","title":{"rendered":"Grants"},"content":{"rendered":"<section class=\"wpb-content-wrapper\"><p>[vc_row][vc_column][vc_column_text]<\/p><p>[\/vc_column_text][\/vc_column][\/vc_row]<\/p>\r\n<p>[vc_row][vc_column][vc_empty_space][\/vc_column][\/vc_row][vc_row][vc_column][vc_empty_space height=&#8221;40px&#8221;][\/vc_column][\/vc_row][vc_row css=&#8221;.vc_custom_1771339487279{padding-top: 0px !important;padding-bottom: 0px !important;}&#8221; nt_row_loop_breakpoint=&#8221;%5B%7B%7D%5D&#8221;][vc_column width=&#8221;1\/6&#8243;][\/vc_column][vc_column width=&#8221;2\/3&#8243;][vc_empty_space height=&#8221;20px&#8221;][vc_column_text]<\/p>\r\n<p style=\"text-align: center;\" data-pm-slice=\"1 1 []\">O\u00dc V\u00e4rska Laht is implementing the project &#8220;Construction of V\u00e4rska Laht O\u00dc production building to increase export capacity&#8221;. A new production building will be built within the framework of the project, the aim of which is to renew the company&#8217;s production processes and increase production capacity.<\/p>\r\n<p style=\"text-align: center;\">The project aims to increase production volume, reduce the time required for production processes, improve working conditions for employees and increase the company&#8217;s export capacity. The investment will result in a compliant and modern production building that will allow for maximum use of existing machinery and technologies and increase the company&#8217;s competitiveness.<\/p>\r\n<p style=\"text-align: center;\">The project is co-financed by the Southeast Estonia Entrepreneurship Development Support Measure in the amount of 60,000 euros.<\/p>\r\n<p>[\/vc_column_text][vc_empty_space][vc_single_image image=&#8221;2401&#8243; img_size=&#8221;medium&#8221; alignment=&#8221;center&#8221;][\/vc_column][vc_column width=&#8221;1\/6&#8243;][\/vc_column][\/vc_row][vc_row][vc_column][vc_separator][\/vc_column][\/vc_row][vc_row css=&#8221;.vc_custom_1680351857163{padding-top: 0px !important;padding-bottom: 130px !important;}&#8221; nt_row_loop_breakpoint=&#8221;%5B%7B%7D%5D&#8221;][vc_column width=&#8221;1\/6&#8243;][\/vc_column][vc_column width=&#8221;2\/3&#8243;][vc_empty_space height=&#8221;20px&#8221;][vc_column_text]<\/p>\r\n<div class=\"wpb_text_column wpb_content_element \">\r\n<div class=\"wpb_wrapper\">\r\n<p style=\"text-align: center;\">O\u00dc V\u00e4rska Laht implemented the project: \u201cO\u00dc V\u00e4rska Laht&#8217;s production efficiency through the acquisition of machinery and equipment\u201d. The aim of the project was to increase the company&#8217;s production capacity and improve the working conditions of its employees. The implementation of the project was supported by Leader Estonia<\/p>\r\n<\/div>\r\n<\/div>\r\n<p>[\/vc_column_text][vc_empty_space][vc_single_image image=&#8221;1643&#8243; img_size=&#8221;medium&#8221; alignment=&#8221;center&#8221;][\/vc_column][vc_column width=&#8221;1\/6&#8243;][\/vc_column][\/vc_row][vc_row][vc_column][vc_column_text]<\/p>\r\n<p>&nbsp;<\/p><p>[\/vc_column_text][\/vc_column][\/vc_row]<\/p><\/section>","protected":false},"excerpt":{"rendered":"<p>[vc_row][vc_column][vc_column_text] [\/vc_column_text][\/vc_column][\/vc_row] [vc_row][vc_column][vc_empty_space][\/vc_column][\/vc_row][vc_row][vc_column][vc_empty_space height=&#8221;40px&#8221;][\/vc_column][\/vc_row][vc_row css=&#8221;.vc_custom_1771339487279{padding-top: 0px !important;padding-bottom: 0px !important;}&#8221; nt_row_loop_breakpoint=&#8221;%5B%7B%7D%5D&#8221;][vc_column width=&#8221;1\/6&#8243;][\/vc_column][vc_column width=&#8221;2\/3&#8243;][vc_empty_space height=&#8221;20px&#8221;][vc_column_text] O\u00dc V\u00e4rska Laht is implementing the project &#8220;Construction of V\u00e4rska Laht O\u00dc production building to increase export capacity&#8221;. A new production building will be built within the framework of the project, the aim of which is to renew the company&#8217;s production processes [&hellip;]<\/p>\n","protected":false},"author":4,"featured_media":0,"parent":0,"menu_order":0,"comment_status":"closed","ping_status":"closed","template":"custom-page.php","meta":{"_acf_changed":false,"footnotes":""},"class_list":["post-2416","page","type-page","status-publish","hentry"],"acf":[],"_links":{"self":[{"href":"https:\/\/varskalaht.eu\/en\/wp-json\/wp\/v2\/pages\/2416"}],"collection":[{"href":"https:\/\/varskalaht.eu\/en\/wp-json\/wp\/v2\/pages"}],"about":[{"href":"https:\/\/varskalaht.eu\/en\/wp-json\/wp\/v2\/types\/page"}],"author":[{"embeddable":true,"href":"https:\/\/varskalaht.eu\/en\/wp-json\/wp\/v2\/users\/4"}],"replies":[{"embeddable":true,"href":"https:\/\/varskalaht.eu\/en\/wp-json\/wp\/v2\/comments?post=2416"}],"version-history":[{"count":2,"href":"https:\/\/varskalaht.eu\/en\/wp-json\/wp\/v2\/pages\/2416\/revisions"}],"predecessor-version":[{"id":2418,"href":"https:\/\/varskalaht.eu\/en\/wp-json\/wp\/v2\/pages\/2416\/revisions\/2418"}],"wp:attachment":[{"href":"https:\/\/varskalaht.eu\/en\/wp-json\/wp\/v2\/media?parent=2416"}],"curies":[{"name":"wp","href":"https:\/\/api.w.org\/{rel}","templated":true}]}}